{"id":3417,"date":"2024-08-27T09:46:19","date_gmt":"2024-08-27T12:46:19","guid":{"rendered":"https:\/\/a3cia.com.br\/?page_id=3417"},"modified":"2024-08-28T14:00:29","modified_gmt":"2024-08-28T17:00:29","slug":"3417-2","status":"publish","type":"page","link":"https:\/\/a3cia.com.br\/?page_id=3417","title":{"rendered":"O filme"},"content":{"rendered":"\n<div id=\"about-me\" class=\"wp-block-uagb-container uagb-block-391fc8c5 default uagb-is-root-container\">\n<div class=\"wp-block-uagb-advanced-heading uagb-block-d8cf165f\"><h2 class=\"uagb-heading-text\"><a href=\"https:\/\/a3cia.com.br\/\" data-type=\"page\" data-id=\"28\">O filme<\/a><\/h2><\/div>\n\n\n\n<div class=\"wp-block-uagb-info-box uagb-block-717ed022 uagb-infobox__content-wrap  uagb-infobox-icon-above-title uagb-infobox-image-valign-top\"><div class=\"uagb-ifb-content\"><div class=\"uagb-ifb-title-wrap\"><div class=\"uagb-ifb-separator\"><\/div><h1 class=\"uagb-ifb-title\">A Infantaria<\/h1><\/div><p class=\"uagb-ifb-desc\">\u201cA 3\u00aa Companhia\u201d conta a hist\u00f3ria de militares de uma companhia de infantaria do ex\u00e9rcito brasileiro que serviu no Haiti em 2005.<br>A miss\u00e3o narrada pelos pr\u00f3prios militares que fizeram parte do grupo, come\u00e7a pela forma\u00e7\u00e3o da companhia e seu treinamento.<br>Ao longo de nove cap\u00edtulos, voc\u00ea conhecer\u00e1 os perigos enfrentados durante a pacifica\u00e7\u00e3o de Cit\u00e9 Militaire em Porto Pr\u00edncipe, regi\u00e3o de intensos confrontos, inclusive com baixas em tropas amigas,  acompanhadas de imagens gravadas em 2005 e 2006. Acompanhar\u00e1 a jornada que culmina na realiza\u00e7\u00e3o das elei\u00e7\u00f5es, momento cr\u00edtico em que a disciplina e coragem da tropa foram colocadas sob as mais duras provas.<br>Assistir\u00e1 com fotos e v\u00eddeos originais que contar\u00e3o a hist\u00f3ria da companhia desde a sua cria\u00e7\u00e3o at\u00e9 o retorno ao Brasil e sua desmobiliza\u00e7\u00e3o e, desta forma conhecer\u00e1 a participa\u00e7\u00e3o de nossa tropa na hist\u00f3ria do Haiti.<br>Os nove cap\u00edtulos podem ser assistidos individualmente ou em dois document\u00e1rios que totalizam aproximadamente quatro horas e meia de entrevistas e imagens que narram a hist\u00f3ria dos aproximadamente sete meses em que a companhia existiu.<\/p><\/div><\/div>\n\n\n\n<div class=\"wp-block-uagb-container uagb-layout-flex uagb-block-fce046dc\"><\/div>\n\n\n\n<div class=\"wp-block-uagb-buttons uagb-buttons__outer-wrap uagb-btn__default-btn uagb-btn-tablet__default-btn uagb-btn-mobile__default-btn uagb-block-9a68069f\"><div class=\"uagb-buttons__wrap uagb-buttons-layout-wrap \">\n<div class=\"wp-block-uagb-buttons-child uagb-buttons__outer-wrap uagb-block-c25c930c wp-block-button\" id=\"https:\/\/a3cia.com.br\/\"><div class=\"uagb-button__wrapper\"><a class=\"uagb-buttons-repeater wp-block-button__link\" aria-label=\"\" href=\"https:\/\/a3cia.com.br\/\" rel=\"follow noopener\" target=\"_self\" role=\"button\"><div class=\"uagb-button__link\">Retornar<\/div><\/a><\/div><\/div>\n<\/div><\/div>\n<\/div>\n","protected":false},"excerpt":{"rendered":"<p>O filme<\/p>\n","protected":false},"author":1,"featured_media":0,"parent":0,"menu_order":0,"comment_status":"closed","ping_status":"closed","template":"","meta":{"_uag_custom_page_level_css":"","site-sidebar-layout":"default","site-content-layout":"","ast-site-content-layout":"default","site-content-style":"default","site-sidebar-style":"default","ast-global-header-display":"","ast-banner-title-visibility":"","ast-main-header-display":"","ast-hfb-above-header-display":"","ast-hfb-below-header-display":"","ast-hfb-mobile-header-display":"","site-post-title":"disabled","ast-breadcrumbs-content":"","ast-featured-img":"","footer-sml-layout":"","theme-transparent-header-meta":"","adv-header-id-meta":"","stick-header-meta":"","header-above-stick-meta":"","header-main-stick-meta":"","header-below-stick-meta":"","astra-migrate-meta-layouts":"set","ast-page-background-enabled":"default","ast-page-background-meta":{"desktop":{"background-color":"","background-image":"","background-repeat":"repeat","background-position":"center center","background-size":"auto","background-attachment":"scroll","background-type":"","background-media":"","overlay-type":"","overlay-color":"","overlay-opacity":"","overlay-gradient":""},"tablet":{"background-color":"","background-image":"","background-repeat":"repeat","background-position":"center center","background-size":"auto","background-attachment":"scroll","background-type":"","background-media":"","overlay-type":"","overlay-color":"","overlay-opacity":"","overlay-gradient":""},"mobile":{"background-color":"","background-image":"","background-repeat":"repeat","background-position":"center center","background-size":"auto","background-attachment":"scroll","background-type":"","background-media":"","overlay-type":"","overlay-color":"","overlay-opacity":"","overlay-gradient":""}},"ast-content-background-meta":{"desktop":{"background-color":"var(--ast-global-color-5)","background-image":"","background-repeat":"repeat","background-position":"center center","background-size":"auto","background-attachment":"scroll","background-type":"","background-media":"","overlay-type":"","overlay-color":"","overlay-opacity":"","overlay-gradient":""},"tablet":{"background-color":"var(--ast-global-color-5)","background-image":"","background-repeat":"repeat","background-position":"center center","background-size":"auto","background-attachment":"scroll","background-type":"","background-media":"","overlay-type":"","overlay-color":"","overlay-opacity":"","overlay-gradient":""},"mobile":{"background-color":"var(--ast-global-color-5)","background-image":"","background-repeat":"repeat","background-position":"center center","background-size":"auto","background-attachment":"scroll","background-type":"","background-media":"","overlay-type":"","overlay-color":"","overlay-opacity":"","overlay-gradient":""}},"footnotes":""},"class_list":["post-3417","page","type-page","status-publish","hentry"],"uagb_featured_image_src":{"full":false,"thumbnail":false,"medium":false,"medium_large":false,"large":false,"1536x1536":false,"2048x2048":false,"woocommerce_thumbnail":false,"woocommerce_single":false,"woocommerce_gallery_thumbnail":false},"uagb_author_info":{"display_name":"carnog.1978@gmail.com","author_link":"https:\/\/a3cia.com.br\/?author=1"},"uagb_comment_info":0,"uagb_excerpt":"O filme","_links":{"self":[{"href":"https:\/\/a3cia.com.br\/index.php?rest_route=\/wp\/v2\/pages\/3417","targetHints":{"allow":["GET"]}}],"collection":[{"href":"https:\/\/a3cia.com.br\/index.php?rest_route=\/wp\/v2\/pages"}],"about":[{"href":"https:\/\/a3cia.com.br\/index.php?rest_route=\/wp\/v2\/types\/page"}],"author":[{"embeddable":true,"href":"https:\/\/a3cia.com.br\/index.php?rest_route=\/wp\/v2\/users\/1"}],"replies":[{"embeddable":true,"href":"https:\/\/a3cia.com.br\/index.php?rest_route=%2Fwp%2Fv2%2Fcomments&post=3417"}],"version-history":[{"count":8,"href":"https:\/\/a3cia.com.br\/index.php?rest_route=\/wp\/v2\/pages\/3417\/revisions"}],"predecessor-version":[{"id":3514,"href":"https:\/\/a3cia.com.br\/index.php?rest_route=\/wp\/v2\/pages\/3417\/revisions\/3514"}],"wp:attachment":[{"href":"https:\/\/a3cia.com.br\/index.php?rest_route=%2Fwp%2Fv2%2Fmedia&parent=3417"}],"curies":[{"name":"wp","href":"https:\/\/api.w.org\/{rel}","templated":true}]}}