{"id":3427,"date":"2024-08-27T10:02:07","date_gmt":"2024-08-27T13:02:07","guid":{"rendered":"https:\/\/a3cia.com.br\/?page_id=3427"},"modified":"2024-08-28T14:02:06","modified_gmt":"2024-08-28T17:02:06","slug":"3427-2","status":"publish","type":"page","link":"https:\/\/a3cia.com.br\/?page_id=3427","title":{"rendered":""},"content":{"rendered":"\n<div id=\"about-me\" class=\"wp-block-uagb-container uagb-block-d4da027b default uagb-is-root-container\">\n<div class=\"wp-block-uagb-advanced-heading uagb-block-12aec245\"><h2 class=\"uagb-heading-text\">Sobre mim<\/h2><\/div>\n\n\n\n<div class=\"wp-block-uagb-info-box uagb-block-6a35d750 uagb-infobox__content-wrap  uagb-infobox-icon-above-title uagb-infobox-image-valign-top\"><div class=\"uagb-ifb-content\"><div class=\"uagb-ifb-title-wrap\"><div class=\"uagb-ifb-separator\"><\/div><h1 class=\"uagb-ifb-title\">Um m\u00e9dico no Haiti<\/h1><\/div><p class=\"uagb-ifb-desc\">Eu sou Alexandre C. Nogueira, m\u00e9dico e, atendo emerg\u00eancias de adultos e crian\u00e7as h\u00e1 20 anos. Em 2005 tive a honra de ser o m\u00e9dico da 3\u00aa Companhia de Fuzileiros de For\u00e7a de Paz.<br>A id\u00e9ia de produzir este document\u00e1rio surgiu quando um dia, conversando com um militar que fora ao Haiti comigo, meu filho que nos observava, me perguntou por que eu nunca contava aquelas hist\u00f3rias.<br>Entendi ent\u00e3o que era o momento de deixar registrada aquela que havia sido a aventura de uma vida n\u00e3o apenas para meus filhos, mas, para os parentes de todos n\u00f3s que estivemos naquele pa\u00eds e, para os outros brasileiros, que n\u00e3o conhecem os feitos de nossa tropa.<br>Passei ent\u00e3o a estudar edi\u00e7\u00e3o de v\u00eddeos entre outros assuntos relacionados e, no in\u00edcio de 2024 convidei alguns militares a gravarem entrevistas contando as nossas experi\u00eancias. Assisti novamente horas de grava\u00e7\u00e3o que havia feito no Haiti com uma c\u00e2mera digital ainda primitiva, a primeira que meus pais tiveram. Normalmente deixava em um dos bolsos do colete e levava menos carregadores de muni\u00e7\u00e3o para guard\u00e1-la. Como m\u00e9dico podia me dar esse luxo uma vez que portava apenas pistola pois minhas m\u00e3os tinham que estar livres para atender.<br>Foram muitas lembran\u00e7as e emo\u00e7\u00f5es intensas revividas, meses de grava\u00e7\u00e3o e edi\u00e7\u00e3o, para que chegasse ao filme que ir\u00e3o assistir agora.<br>N\u00e3o sou cineasta, nem meus colegas atores. Tudo foi feito por mim de maneira artesanal, sem participa\u00e7\u00e3o de quaisquer profissionais da \u00e1rea de cinema. Somente pessoas cujo objetivo foi compartilhar uma experi\u00eancia de vida t\u00e3o intensa que normalmente temos dificuldade em contar.<br>Espero que gostem e se emocionem como n\u00f3s.<\/p><\/div><\/div>\n<\/div>\n\n\n\n<div class=\"wp-block-uagb-buttons uagb-buttons__outer-wrap uagb-btn__default-btn uagb-btn-tablet__default-btn uagb-btn-mobile__default-btn uagb-block-16e18848\"><div class=\"uagb-buttons__wrap uagb-buttons-layout-wrap \">\n<div class=\"wp-block-uagb-buttons-child uagb-buttons__outer-wrap uagb-block-02b609d0 wp-block-button\"><div class=\"uagb-button__wrapper\"><a class=\"uagb-buttons-repeater wp-block-button__link\" aria-label=\"\" href=\"https:\/\/a3cia.com.br\/\" rel=\"follow noopener\" target=\"_self\" role=\"button\"><div class=\"uagb-button__link\">Retornar<\/div><\/a><\/div><\/div>\n<\/div><\/div>\n","protected":false},"excerpt":{"rendered":"<p>Sobre mim<\/p>\n","protected":false},"author":1,"featured_media":0,"parent":0,"menu_order":0,"comment_status":"closed","ping_status":"closed","template":"","meta":{"_uag_custom_page_level_css":"","site-sidebar-layout":"default","site-content-layout":"","ast-site-content-layout":"default","site-content-style":"default","site-sidebar-style":"default","ast-global-header-display":"","ast-banner-title-visibility":"","ast-main-header-display":"","ast-hfb-above-header-display":"","ast-hfb-below-header-display":"","ast-hfb-mobile-header-display":"","site-post-title":"disabled","ast-breadcrumbs-content":"","ast-featured-img":"","footer-sml-layout":"","theme-transparent-header-meta":"","adv-header-id-meta":"","stick-header-meta":"","header-above-stick-meta":"","header-main-stick-meta":"","header-below-stick-meta":"","astra-migrate-meta-layouts":"set","ast-page-background-enabled":"default","ast-page-background-meta":{"desktop":{"background-color":"","background-image":"","background-repeat":"repeat","background-position":"center center","background-size":"auto","background-attachment":"scroll","background-type":"","background-media":"","overlay-type":"","overlay-color":"","overlay-opacity":"","overlay-gradient":""},"tablet":{"background-color":"","background-image":"","background-repeat":"repeat","background-position":"center center","background-size":"auto","background-attachment":"scroll","background-type":"","background-media":"","overlay-type":"","overlay-color":"","overlay-opacity":"","overlay-gradient":""},"mobile":{"background-color":"","background-image":"","background-repeat":"repeat","background-position":"center center","background-size":"auto","background-attachment":"scroll","background-type":"","background-media":"","overlay-type":"","overlay-color":"","overlay-opacity":"","overlay-gradient":""}},"ast-content-background-meta":{"desktop":{"background-color":"var(--ast-global-color-5)","background-image":"","background-repeat":"repeat","background-position":"center center","background-size":"auto","background-attachment":"scroll","background-type":"","background-media":"","overlay-type":"","overlay-color":"","overlay-opacity":"","overlay-gradient":""},"tablet":{"background-color":"var(--ast-global-color-5)","background-image":"","background-repeat":"repeat","background-position":"center center","background-size":"auto","background-attachment":"scroll","background-type":"","background-media":"","overlay-type":"","overlay-color":"","overlay-opacity":"","overlay-gradient":""},"mobile":{"background-color":"var(--ast-global-color-5)","background-image":"","background-repeat":"repeat","background-position":"center center","background-size":"auto","background-attachment":"scroll","background-type":"","background-media":"","overlay-type":"","overlay-color":"","overlay-opacity":"","overlay-gradient":""}},"footnotes":""},"class_list":["post-3427","page","type-page","status-publish","hentry"],"uagb_featured_image_src":{"full":false,"thumbnail":false,"medium":false,"medium_large":false,"large":false,"1536x1536":false,"2048x2048":false,"woocommerce_thumbnail":false,"woocommerce_single":false,"woocommerce_gallery_thumbnail":false},"uagb_author_info":{"display_name":"carnog.1978@gmail.com","author_link":"https:\/\/a3cia.com.br\/?author=1"},"uagb_comment_info":0,"uagb_excerpt":"Sobre mim","_links":{"self":[{"href":"https:\/\/a3cia.com.br\/index.php?rest_route=\/wp\/v2\/pages\/3427","targetHints":{"allow":["GET"]}}],"collection":[{"href":"https:\/\/a3cia.com.br\/index.php?rest_route=\/wp\/v2\/pages"}],"about":[{"href":"https:\/\/a3cia.com.br\/index.php?rest_route=\/wp\/v2\/types\/page"}],"author":[{"embeddable":true,"href":"https:\/\/a3cia.com.br\/index.php?rest_route=\/wp\/v2\/users\/1"}],"replies":[{"embeddable":true,"href":"https:\/\/a3cia.com.br\/index.php?rest_route=%2Fwp%2Fv2%2Fcomments&post=3427"}],"version-history":[{"count":5,"href":"https:\/\/a3cia.com.br\/index.php?rest_route=\/wp\/v2\/pages\/3427\/revisions"}],"predecessor-version":[{"id":3516,"href":"https:\/\/a3cia.com.br\/index.php?rest_route=\/wp\/v2\/pages\/3427\/revisions\/3516"}],"wp:attachment":[{"href":"https:\/\/a3cia.com.br\/index.php?rest_route=%2Fwp%2Fv2%2Fmedia&parent=3427"}],"curies":[{"name":"wp","href":"https:\/\/api.w.org\/{rel}","templated":true}]}}