{"id":3431,"date":"2024-08-27T09:58:32","date_gmt":"2024-08-27T12:58:32","guid":{"rendered":"https:\/\/a3cia.com.br\/?page_id=3431"},"modified":"2024-08-28T14:01:10","modified_gmt":"2024-08-28T17:01:10","slug":"3431-2","status":"publish","type":"page","link":"https:\/\/a3cia.com.br\/?page_id=3431","title":{"rendered":""},"content":{"rendered":"\n<div id=\"about-me\" class=\"wp-block-uagb-container uagb-block-1153033d default uagb-is-root-container\">\n<div class=\"wp-block-uagb-advanced-heading uagb-block-ff2537b2\"><h2 class=\"uagb-heading-text\">Sinopse<\/h2><\/div>\n\n\n\n<div class=\"wp-block-uagb-info-box uagb-block-818c7b38 uagb-infobox__content-wrap  uagb-infobox-icon-above-title uagb-infobox-image-valign-top\"><div class=\"uagb-ifb-content\"><div class=\"uagb-ifb-title-wrap\"><div class=\"uagb-ifb-separator\"><\/div><h1 class=\"uagb-ifb-title\">Os cap\u00edtulos<\/h1><\/div><p class=\"uagb-ifb-desc\"><strong>Cap\u00edtulo 1: Uma breve Hist\u00f3ria<\/strong><br>Conta a hist\u00f3ria do Haiti desde seu descobrimento at\u00e9 os dias atuais<br><br><strong>Cap\u00edtulo 2: De onde viemos<\/strong><br>Cada militar entrevistado conta sua hist\u00f3ria de vida, como entrou para o ex\u00e9rcito e foi escolhido para compor a companhia<br><br><strong>Cap\u00edtulo 3: Treinamento dif\u00edcil, Combate f\u00e1cil.<\/strong><br>Aqui s\u00e3o contadas as hist\u00f3rias do treinamento, a evolu\u00e7\u00e3o dos exerc\u00edcios realizado, at\u00e9 o coroamento com o grande treinamento conjunto em Caraguatatuba-SP<br><br><strong>Cap\u00edtulo 4: Embarque.<\/strong><br>Ansiedade das fam\u00edlias, expectativa pelo embarque que se avizinhava e as primeiras impress\u00f5es na nova terra<br><br><strong>Cap\u00edtulo 5: Confronta\u00e7\u00e3o.<\/strong><br>Os momentos de tens\u00e3o e combate s\u00e3o relatados em detalhes pelos militares da companhia<br><br><strong>Cap\u00edtulo 6: Elei\u00e7\u00f5es.<\/strong><br>As elei\u00e7\u00f5es com as dificuldades log\u00edsticas do pa\u00eds, a ansiedade de um povo pela oportunidade de escolher seu novo governante e mudar o seu destino<br><br><strong>Cap\u00edtulo 7: Baby Doc.<\/strong><br>A a\u00e7\u00e3o humanit\u00e1ria da tropa, personificada na figura de seu m\u00e9dico, tenente Nogueira, que foi apelidado de Baby Doc devido aos in\u00fameros partos que realizou em Porto Pr\u00edncipe<br><br><strong>Cap\u00edtulo 8: Mens sana in corpore sano.<\/strong><br>O estresse fruto de dias seguidos de trabalho \u00e1rduo sob fogo inimigo tem um pre\u00e7o<br><br><strong>Cap\u00edtulo 9: Fox India Mike.<\/strong><br>O final da miss\u00e3o, o retorno para casa e a adapta\u00e7\u00e3o. A companhia e a amizade. Como a miss\u00e3o marcou cada militar.<\/p><\/div><\/div>\n\n\n\n<div class=\"wp-block-uagb-container uagb-block-eb6dc1e4\">\n<div class=\"wp-block-uagb-container uagb-layout-grid uagb-block-766d66aa\"><\/div>\n<\/div>\n<\/div>\n\n\n\n<div class=\"wp-block-uagb-buttons uagb-buttons__outer-wrap uagb-btn__default-btn uagb-btn-tablet__default-btn uagb-btn-mobile__default-btn uagb-block-0d5360fa\"><div class=\"uagb-buttons__wrap uagb-buttons-layout-wrap \">\n<div class=\"wp-block-uagb-buttons-child uagb-buttons__outer-wrap uagb-block-8d83c6c6 wp-block-button\"><div class=\"uagb-button__wrapper\"><a class=\"uagb-buttons-repeater wp-block-button__link\" aria-label=\"\" href=\"https:\/\/a3cia.com.br\/\" rel=\"follow noopener\" target=\"_self\" role=\"button\"><div class=\"uagb-button__link\">Retornar<\/div><\/a><\/div><\/div>\n<\/div><\/div>\n","protected":false},"excerpt":{"rendered":"<p>Sinopse<\/p>\n","protected":false},"author":1,"featured_media":0,"parent":0,"menu_order":0,"comment_status":"closed","ping_status":"closed","template":"","meta":{"_uag_custom_page_level_css":"","site-sidebar-layout":"default","site-content-layout":"","ast-site-content-layout":"default","site-content-style":"default","site-sidebar-style":"default","ast-global-header-display":"","ast-banner-title-visibility":"","ast-main-header-display":"","ast-hfb-above-header-display":"","ast-hfb-below-header-display":"","ast-hfb-mobile-header-display":"","site-post-title":"disabled","ast-breadcrumbs-content":"","ast-featured-img":"","footer-sml-layout":"","theme-transparent-header-meta":"","adv-header-id-meta":"","stick-header-meta":"","header-above-stick-meta":"","header-main-stick-meta":"","header-below-stick-meta":"","astra-migrate-meta-layouts":"set","ast-page-background-enabled":"default","ast-page-background-meta":{"desktop":{"background-color":"","background-image":"","background-repeat":"repeat","background-position":"center center","background-size":"auto","background-attachment":"scroll","background-type":"","background-media":"","overlay-type":"","overlay-color":"","overlay-opacity":"","overlay-gradient":""},"tablet":{"background-color":"","background-image":"","background-repeat":"repeat","background-position":"center center","background-size":"auto","background-attachment":"scroll","background-type":"","background-media":"","overlay-type":"","overlay-color":"","overlay-opacity":"","overlay-gradient":""},"mobile":{"background-color":"","background-image":"","background-repeat":"repeat","background-position":"center center","background-size":"auto","background-attachment":"scroll","background-type":"","background-media":"","overlay-type":"","overlay-color":"","overlay-opacity":"","overlay-gradient":""}},"ast-content-background-meta":{"desktop":{"background-color":"var(--ast-global-color-5)","background-image":"","background-repeat":"repeat","background-position":"center center","background-size":"auto","background-attachment":"scroll","background-type":"","background-media":"","overlay-type":"","overlay-color":"","overlay-opacity":"","overlay-gradient":""},"tablet":{"background-color":"var(--ast-global-color-5)","background-image":"","background-repeat":"repeat","background-position":"center center","background-size":"auto","background-attachment":"scroll","background-type":"","background-media":"","overlay-type":"","overlay-color":"","overlay-opacity":"","overlay-gradient":""},"mobile":{"background-color":"var(--ast-global-color-5)","background-image":"","background-repeat":"repeat","background-position":"center center","background-size":"auto","background-attachment":"scroll","background-type":"","background-media":"","overlay-type":"","overlay-color":"","overlay-opacity":"","overlay-gradient":""}},"footnotes":""},"class_list":["post-3431","page","type-page","status-publish","hentry"],"uagb_featured_image_src":{"full":false,"thumbnail":false,"medium":false,"medium_large":false,"large":false,"1536x1536":false,"2048x2048":false,"woocommerce_thumbnail":false,"woocommerce_single":false,"woocommerce_gallery_thumbnail":false},"uagb_author_info":{"display_name":"carnog.1978@gmail.com","author_link":"https:\/\/a3cia.com.br\/?author=1"},"uagb_comment_info":0,"uagb_excerpt":"Sinopse","_links":{"self":[{"href":"https:\/\/a3cia.com.br\/index.php?rest_route=\/wp\/v2\/pages\/3431","targetHints":{"allow":["GET"]}}],"collection":[{"href":"https:\/\/a3cia.com.br\/index.php?rest_route=\/wp\/v2\/pages"}],"about":[{"href":"https:\/\/a3cia.com.br\/index.php?rest_route=\/wp\/v2\/types\/page"}],"author":[{"embeddable":true,"href":"https:\/\/a3cia.com.br\/index.php?rest_route=\/wp\/v2\/users\/1"}],"replies":[{"embeddable":true,"href":"https:\/\/a3cia.com.br\/index.php?rest_route=%2Fwp%2Fv2%2Fcomments&post=3431"}],"version-history":[{"count":7,"href":"https:\/\/a3cia.com.br\/index.php?rest_route=\/wp\/v2\/pages\/3431\/revisions"}],"predecessor-version":[{"id":3515,"href":"https:\/\/a3cia.com.br\/index.php?rest_route=\/wp\/v2\/pages\/3431\/revisions\/3515"}],"wp:attachment":[{"href":"https:\/\/a3cia.com.br\/index.php?rest_route=%2Fwp%2Fv2%2Fmedia&parent=3431"}],"curies":[{"name":"wp","href":"https:\/\/api.w.org\/{rel}","templated":true}]}}